{"id":8,"date":"2021-07-10T09:28:58","date_gmt":"2021-07-10T07:28:58","guid":{"rendered":"http:\/\/localhost\/bagni_germana\/?page_id=8"},"modified":"2021-07-18T17:33:22","modified_gmt":"2021-07-18T15:33:22","slug":"homepage","status":"publish","type":"page","link":"https:\/\/www.bagnigermana.com\/","title":{"rendered":"Home Page"},"content":{"rendered":"<h5><strong>Benvenuti nel Sito dei Bagni Germana<\/strong><\/h5>\n<p>\u00a0<\/p>\n<p>Alcuni Stabilimenti Balneari nascono con una vocazione ospitale che mantengono nel tempo, passando attraverso varie generazioni e pi\u00f9 di una trasformazione, ma conservando e avvicinandosi sempre pi\u00f9 allo spirito autentico del luogo.<\/p>\n<p>\u00c8 questo il caso dei Bagni Germana, sulla passeggiata a mare a levante del paese, in un&#8217;oasi di verde, circondato da pini marittimi e fiori.<\/p>\n<p>La posizione privilegiata di Arma di Taggia, tra il mare e le Alpi Marittime e la naturale bellezza del luogo, rendono questo angolo meta ambita dalle famiglie.<\/p>\n<p>Per un soggiorno piacevole vi invitiamo a leggere<a href=\"http:\/\/www.bagnigermana.com\/?page_id=249\"> i nostri consigli<\/a>.<\/p>\n\n\n<p><\/p>\n","protected":false},"excerpt":{"rendered":"<p>Benvenuti nel Sito dei Bagni Germana \u00a0 Alcuni Stabilimenti Balneari nascono con una vocazione ospitale che mantengono nel tempo, passando attraverso varie generazioni e pi\u00f9 di una trasformazione, ma conservando e avvicinandosi sempre pi\u00f9 allo spirito autentico del luogo. \u00c8 questo il caso dei Bagni Germana, sulla passeggiata a mare a levante del paese, in &hellip; <\/p>\n<p class=\"link-more\"><a href=\"https:\/\/www.bagnigermana.com\/\" class=\"more-link\">Leggi tutto<span class=\"screen-reader-text\"> &#8220;Home Page&#8221;<\/span><\/a><\/p>\n","protected":false},"author":1,"featured_media":0,"parent":0,"menu_order":0,"comment_status":"closed","ping_status":"closed","template":"","meta":{"footnotes":"","_links_to":"","_links_to_target":""},"class_list":["post-8","page","type-page","status-publish","hentry"],"_links":{"self":[{"href":"https:\/\/www.bagnigermana.com\/index.php?rest_route=\/wp\/v2\/pages\/8","targetHints":{"allow":["GET"]}}],"collection":[{"href":"https:\/\/www.bagnigermana.com\/index.php?rest_route=\/wp\/v2\/pages"}],"about":[{"href":"https:\/\/www.bagnigermana.com\/index.php?rest_route=\/wp\/v2\/types\/page"}],"author":[{"embeddable":true,"href":"https:\/\/www.bagnigermana.com\/index.php?rest_route=\/wp\/v2\/users\/1"}],"replies":[{"embeddable":true,"href":"https:\/\/www.bagnigermana.com\/index.php?rest_route=%2Fwp%2Fv2%2Fcomments&post=8"}],"version-history":[{"count":14,"href":"https:\/\/www.bagnigermana.com\/index.php?rest_route=\/wp\/v2\/pages\/8\/revisions"}],"predecessor-version":[{"id":260,"href":"https:\/\/www.bagnigermana.com\/index.php?rest_route=\/wp\/v2\/pages\/8\/revisions\/260"}],"wp:attachment":[{"href":"https:\/\/www.bagnigermana.com\/index.php?rest_route=%2Fwp%2Fv2%2Fmedia&parent=8"}],"curies":[{"name":"wp","href":"https:\/\/api.w.org\/{rel}","templated":true}]}}